{"id":4831,"date":"2025-02-20T16:16:41","date_gmt":"2025-02-20T14:16:41","guid":{"rendered":"https:\/\/floxflowerfarm.com\/?page_id=4831"},"modified":"2025-02-20T17:18:10","modified_gmt":"2025-02-20T15:18:10","slug":"diseno-de-jardines-consultoria","status":"publish","type":"page","link":"https:\/\/floxflowerfarm.com\/es\/diseno-de-jardines-consultoria\/","title":{"rendered":"Dise\u00f1o de jardines &amp; consultor\u00eda"},"content":{"rendered":"\t\t<div data-elementor-type=\"wp-page\" data-elementor-id=\"4831\" class=\"elementor elementor-4831\" data-elementor-post-type=\"page\">\n\t\t\t\t\t\t<section class=\"elementor-section elementor-top-section elementor-element elementor-element-7b87e5d elementor-section-boxed elementor-section-height-default elementor-section-height-default\" data-id=\"7b87e5d\" data-element_type=\"section\">\n\t\t\t\t\t\t<div class=\"elementor-container elementor-column-gap-default\">\n\t\t\t\t\t<div class=\"elementor-column elementor-col-100 elementor-top-column elementor-element elementor-element-fccfe4f\" data-id=\"fccfe4f\" data-element_type=\"column\">\n\t\t\t<div class=\"elementor-widget-wrap elementor-element-populated\">\n\t\t\t\t\t\t<div class=\"elementor-element elementor-element-7980544 elementor-widget elementor-widget-text-editor\" data-id=\"7980544\" data-element_type=\"widget\" data-widget_type=\"text-editor.default\">\n\t\t\t\t<div class=\"elementor-widget-container\">\n\t\t\t\t\t\t\t\t\t<p><span style=\"font-weight: 400\">Normalmente hacemos visita del jard\u00edn, comentando las ideas y expectativas sobre el mismo mientras ponemos a vuestra disposici\u00f3n nuestra experiencia y creatividad para generar ideas de dise\u00f1o, gu\u00edas de gesti\u00f3n y t\u00e9cnicas a utilizar, as\u00ed como establecer prioridades y tempos. <\/span><span style=\"font-weight: 400\">A veces es dif\u00edcil ser capaz de ver el potencial de un jard\u00edn cuando es propio, por lo que poder ver el espacio de manera objetiva y poder sugerir cambios que marcaran una gran diferencia en c\u00f3mo se ve y se usa es incre\u00edblemente satisfactorio. Los comentarios de haberse vuelto a enamorar de su jard\u00edn despu\u00e9s de a\u00f1os de desconexi\u00f3n o la reconexi\u00f3n e inspiraci\u00f3n reencontrada es la mayor satisfacci\u00f3n que podemos recibir.<\/span><\/p><p><span style=\"font-weight: 400\">Trabajemos con una empresa o un particular, siempre se trata de lo que cada uno quiere o necesita para el jard\u00edn en cuesti\u00f3n. Nuestra pregunta principal es: qu\u00e9 quieres hacer en tu jard\u00edn y c\u00f3mo quieres que te haga sentir.\u00a0<\/span><\/p><p><span style=\"font-weight: 400\">Somos grandes admiradores de los cambios equilibrados y reflexivos.\u00a0 <\/span><span style=\"font-weight: 400\">Muchas veces las bases de un jard\u00edn son buenas, pero tal vez nuestras necesidades y la forma en que se usa el jard\u00edn ha cambiado, o queremos intentar adaptarnos a las nuevas necesidades (de agua o de resistencia). Podemos asesorar sobre qu\u00e9 cambios hacer y cu\u00e1ndo es el mejor momento para hacerlos; podemos dise\u00f1ar una plantaci\u00f3n creativa y en sucesi\u00f3n para que el jard\u00edn luzca bien durante todo el a\u00f1o.Un re-dise\u00f1o de jard\u00edn completo es muy caro y, a menudo, no es necesario. Nos gusta trabajar con lo que ya tenemos, intentando trabajar en consonancia con la naturaleza en cada caso espec\u00edfico, lo cual normalmente marca y puede marcar una gran diferencia a trav\u00e9s de la plantaci\u00f3n, especialmente en \u00e1reas dif\u00edciles, jardines traseros oscuros o jardines delanteros expuestos, porque son los m\u00e1s gratificantes de transformar.<\/span><\/p><p>A veces es simplemente un proceso de dise\u00f1ar y replantar un espacio para conseguir el efecto deseado. Tambi\u00e9n podemos ocuparnos del dise\u00f1o de peque\u00f1os jardines o incluso balcones y patios, que a menudo suponen un gran impacto en la forma en que se usan y disfrutan estos espacios. En otras ocasiones, dividimos el trabajo en etapas durante un per\u00edodo m\u00e1s largo para adaptarnos a los presupuestos y estilos de vida de cada uno. Y por supuesto podemos dise\u00f1ar un espacio desde cero o que necesita un dise\u00f1o nuevo completo.<\/p><p>Podemos ofrecer consultas generales de jardiner\u00eda; consultas de dise\u00f1o inicial o el servicio integral de dise\u00f1o de paisaje. Nos gusta ser s\u00faper flexibles. Estamos aqu\u00ed para ayudar a aprovechar al m\u00e1ximo los jardines.<\/p><p>Los jardines nos transmiten paz, tranquilidad, desconexi\u00f3n, vida. Son un placer para los sentidos.<\/p><p>Si tienes la suerte de tener uno, aprov\u00e9chalo, es un regalo.<\/p><p><span style=\"font-weight: 400\">\u00a0<\/span><\/p><p><span style=\"font-weight: 400\">\u00a0<\/span><\/p><p><span style=\"font-weight: 400\">\u00a0<\/span><\/p><p><span style=\"font-weight: 400\">\u00a0<\/span><\/p><p><span style=\"font-weight: 400\">\u00a0<\/span><\/p><p><span style=\"font-weight: 400\">\u00a0<\/span><\/p><p><span style=\"font-weight: 400\">\u00a0<\/span><\/p><p><span style=\"font-weight: 400\">\u00a0<\/span><\/p><p><span style=\"font-weight: 400\">\u00a0<\/span><\/p>\t\t\t\t\t\t\t\t<\/div>\n\t\t\t\t<\/div>\n\t\t\t\t\t<\/div>\n\t\t<\/div>\n\t\t\t\t\t<\/div>\n\t\t<\/section>\n\t\t\t\t<\/div>\n\t\t","protected":false},"excerpt":{"rendered":"<p>Normalmente hacemos visita del jard\u00edn, comentando las ideas y expectativas sobre el mismo mientras ponemos a vuestra disposici\u00f3n nuestra experiencia y creatividad para generar ideas de dise\u00f1o, gu\u00edas de gesti\u00f3n y t\u00e9cnicas a utilizar, as\u00ed como establecer prioridades y tempos. A veces es dif\u00edcil ser capaz de ver el potencial de un jard\u00edn cuando es [&hellip;]<\/p>\n","protected":false},"author":6,"featured_media":4552,"parent":0,"menu_order":0,"comment_status":"closed","ping_status":"closed","template":"","meta":{"footnotes":""},"yoast_head":"<!-- This site is optimized with the Yoast SEO Premium plugin v20.11 (Yoast SEO v20.11) - https:\/\/yoast.com\/wordpress\/plugins\/seo\/ -->\n<title>Dise\u00f1o de jardines &amp; consultor\u00eda - Flox Flower Farm<\/title>\n<meta name=\"robots\" content=\"index, follow, max-snippet:-1, max-image-preview:large, max-video-preview:-1\" \/>\n<link rel=\"canonical\" href=\"https:\/\/floxflowerfarm.com\/es\/diseno-de-jardines-consultoria\/\" \/>\n<meta property=\"og:locale\" content=\"es_ES\" \/>\n<meta property=\"og:type\" content=\"article\" \/>\n<meta property=\"og:title\" content=\"Dise\u00f1o de jardines &amp; consultor\u00eda\" \/>\n<meta property=\"og:description\" content=\"Normalmente hacemos visita del jard\u00edn, comentando las ideas y expectativas sobre el mismo mientras ponemos a vuestra disposici\u00f3n nuestra experiencia y creatividad para generar ideas de dise\u00f1o, gu\u00edas de gesti\u00f3n y t\u00e9cnicas a utilizar, as\u00ed como establecer prioridades y tempos. A veces es dif\u00edcil ser capaz de ver el potencial de un jard\u00edn cuando es [&hellip;]\" \/>\n<meta property=\"og:url\" content=\"https:\/\/floxflowerfarm.com\/es\/diseno-de-jardines-consultoria\/\" \/>\n<meta property=\"og:site_name\" content=\"Flox Flower Farm\" \/>\n<meta property=\"article:modified_time\" content=\"2025-02-20T15:18:10+00:00\" \/>\n<meta property=\"og:image\" content=\"https:\/\/floxflowerfarm.com\/wp-content\/uploads\/2024\/09\/diseno_jardines_web__1_-removebg-preview-1.png\" \/>\n\t<meta property=\"og:image:width\" content=\"641\" \/>\n\t<meta property=\"og:image:height\" content=\"389\" \/>\n\t<meta property=\"og:image:type\" content=\"image\/png\" \/>\n<meta name=\"twitter:card\" content=\"summary_large_image\" \/>\n<meta name=\"twitter:label1\" content=\"Tiempo de lectura\" \/>\n\t<meta name=\"twitter:data1\" content=\"3 minutos\" \/>\n<script type=\"application\/ld+json\" class=\"yoast-schema-graph\">{\"@context\":\"https:\/\/schema.org\",\"@graph\":[{\"@type\":\"WebPage\",\"@id\":\"https:\/\/floxflowerfarm.com\/es\/diseno-de-jardines-consultoria\/\",\"url\":\"https:\/\/floxflowerfarm.com\/es\/diseno-de-jardines-consultoria\/\",\"name\":\"Dise\u00f1o de jardines &amp; consultor\u00eda - Flox Flower Farm\",\"isPartOf\":{\"@id\":\"https:\/\/floxflowerfarm.com\/#website\"},\"datePublished\":\"2025-02-20T14:16:41+00:00\",\"dateModified\":\"2025-02-20T15:18:10+00:00\",\"breadcrumb\":{\"@id\":\"https:\/\/floxflowerfarm.com\/es\/diseno-de-jardines-consultoria\/#breadcrumb\"},\"inLanguage\":\"es\",\"potentialAction\":[{\"@type\":\"ReadAction\",\"target\":[\"https:\/\/floxflowerfarm.com\/es\/diseno-de-jardines-consultoria\/\"]}]},{\"@type\":\"BreadcrumbList\",\"@id\":\"https:\/\/floxflowerfarm.com\/es\/diseno-de-jardines-consultoria\/#breadcrumb\",\"itemListElement\":[{\"@type\":\"ListItem\",\"position\":1,\"name\":\"Portada\",\"item\":\"https:\/\/floxflowerfarm.com\/es\/\"},{\"@type\":\"ListItem\",\"position\":2,\"name\":\"Dise\u00f1o de jardines &amp; consultor\u00eda\"}]},{\"@type\":\"WebSite\",\"@id\":\"https:\/\/floxflowerfarm.com\/#website\",\"url\":\"https:\/\/floxflowerfarm.com\/\",\"name\":\"Flox Flower Farm\",\"description\":\"Granja de flores\",\"potentialAction\":[{\"@type\":\"SearchAction\",\"target\":{\"@type\":\"EntryPoint\",\"urlTemplate\":\"https:\/\/floxflowerfarm.com\/?s={search_term_string}\"},\"query-input\":\"required name=search_term_string\"}],\"inLanguage\":\"es\"}]}<\/script>\n<!-- \/ Yoast SEO Premium plugin. -->","yoast_head_json":{"title":"Dise\u00f1o de jardines &amp; consultor\u00eda - Flox Flower Farm","robots":{"index":"index","follow":"follow","max-snippet":"max-snippet:-1","max-image-preview":"max-image-preview:large","max-video-preview":"max-video-preview:-1"},"canonical":"https:\/\/floxflowerfarm.com\/es\/diseno-de-jardines-consultoria\/","og_locale":"es_ES","og_type":"article","og_title":"Dise\u00f1o de jardines &amp; consultor\u00eda","og_description":"Normalmente hacemos visita del jard\u00edn, comentando las ideas y expectativas sobre el mismo mientras ponemos a vuestra disposici\u00f3n nuestra experiencia y creatividad para generar ideas de dise\u00f1o, gu\u00edas de gesti\u00f3n y t\u00e9cnicas a utilizar, as\u00ed como establecer prioridades y tempos. A veces es dif\u00edcil ser capaz de ver el potencial de un jard\u00edn cuando es [&hellip;]","og_url":"https:\/\/floxflowerfarm.com\/es\/diseno-de-jardines-consultoria\/","og_site_name":"Flox Flower Farm","article_modified_time":"2025-02-20T15:18:10+00:00","og_image":[{"width":641,"height":389,"url":"https:\/\/floxflowerfarm.com\/wp-content\/uploads\/2024\/09\/diseno_jardines_web__1_-removebg-preview-1.png","type":"image\/png"}],"twitter_card":"summary_large_image","twitter_misc":{"Tiempo de lectura":"3 minutos"},"schema":{"@context":"https:\/\/schema.org","@graph":[{"@type":"WebPage","@id":"https:\/\/floxflowerfarm.com\/es\/diseno-de-jardines-consultoria\/","url":"https:\/\/floxflowerfarm.com\/es\/diseno-de-jardines-consultoria\/","name":"Dise\u00f1o de jardines &amp; consultor\u00eda - Flox Flower Farm","isPartOf":{"@id":"https:\/\/floxflowerfarm.com\/#website"},"datePublished":"2025-02-20T14:16:41+00:00","dateModified":"2025-02-20T15:18:10+00:00","breadcrumb":{"@id":"https:\/\/floxflowerfarm.com\/es\/diseno-de-jardines-consultoria\/#breadcrumb"},"inLanguage":"es","potentialAction":[{"@type":"ReadAction","target":["https:\/\/floxflowerfarm.com\/es\/diseno-de-jardines-consultoria\/"]}]},{"@type":"BreadcrumbList","@id":"https:\/\/floxflowerfarm.com\/es\/diseno-de-jardines-consultoria\/#breadcrumb","itemListElement":[{"@type":"ListItem","position":1,"name":"Portada","item":"https:\/\/floxflowerfarm.com\/es\/"},{"@type":"ListItem","position":2,"name":"Dise\u00f1o de jardines &amp; consultor\u00eda"}]},{"@type":"WebSite","@id":"https:\/\/floxflowerfarm.com\/#website","url":"https:\/\/floxflowerfarm.com\/","name":"Flox Flower Farm","description":"Granja de flores","potentialAction":[{"@type":"SearchAction","target":{"@type":"EntryPoint","urlTemplate":"https:\/\/floxflowerfarm.com\/?s={search_term_string}"},"query-input":"required name=search_term_string"}],"inLanguage":"es"}]}},"_links":{"self":[{"href":"https:\/\/floxflowerfarm.com\/es\/wp-json\/wp\/v2\/pages\/4831"}],"collection":[{"href":"https:\/\/floxflowerfarm.com\/es\/wp-json\/wp\/v2\/pages"}],"about":[{"href":"https:\/\/floxflowerfarm.com\/es\/wp-json\/wp\/v2\/types\/page"}],"author":[{"embeddable":true,"href":"https:\/\/floxflowerfarm.com\/es\/wp-json\/wp\/v2\/users\/6"}],"replies":[{"embeddable":true,"href":"https:\/\/floxflowerfarm.com\/es\/wp-json\/wp\/v2\/comments?post=4831"}],"version-history":[{"count":13,"href":"https:\/\/floxflowerfarm.com\/es\/wp-json\/wp\/v2\/pages\/4831\/revisions"}],"predecessor-version":[{"id":4859,"href":"https:\/\/floxflowerfarm.com\/es\/wp-json\/wp\/v2\/pages\/4831\/revisions\/4859"}],"wp:featuredmedia":[{"embeddable":true,"href":"https:\/\/floxflowerfarm.com\/es\/wp-json\/wp\/v2\/media\/4552"}],"wp:attachment":[{"href":"https:\/\/floxflowerfarm.com\/es\/wp-json\/wp\/v2\/media?parent=4831"}],"curies":[{"name":"wp","href":"https:\/\/api.w.org\/{rel}","templated":true}]}}