{"id":72,"date":"2023-07-09T22:53:24","date_gmt":"2023-07-09T22:53:24","guid":{"rendered":"https:\/\/floxflowerfarm.com\/?page_id=72"},"modified":"2024-05-01T11:31:27","modified_gmt":"2024-05-01T09:31:27","slug":"suscripcion","status":"publish","type":"page","link":"https:\/\/floxflowerfarm.com\/es\/suscripcion\/","title":{"rendered":"Suscripci\u00f3n"},"content":{"rendered":"\t\t<div data-elementor-type=\"wp-page\" data-elementor-id=\"72\" class=\"elementor elementor-72\" data-elementor-post-type=\"page\">\n\t\t\t\t\t\t<section class=\"elementor-section elementor-top-section elementor-element elementor-element-d84a1d5 elementor-section-height-min-height elementor-section-boxed elementor-section-height-default elementor-section-items-middle\" data-id=\"d84a1d5\" data-element_type=\"section\" data-settings=\"{&quot;background_background&quot;:&quot;classic&quot;}\">\n\t\t\t\t\t\t\t<div class=\"elementor-background-overlay\"><\/div>\n\t\t\t\t\t\t\t<div class=\"elementor-container elementor-column-gap-default\">\n\t\t\t\t\t<div class=\"elementor-column elementor-col-100 elementor-top-column elementor-element elementor-element-ab0f2f1\" data-id=\"ab0f2f1\" data-element_type=\"column\">\n\t\t\t<div class=\"elementor-widget-wrap elementor-element-populated\">\n\t\t\t\t\t\t<div class=\"elementor-element elementor-element-3818a04 elementor-widget elementor-widget-heading\" data-id=\"3818a04\" data-element_type=\"widget\" data-widget_type=\"heading.default\">\n\t\t\t\t<div class=\"elementor-widget-container\">\n\t\t\t\t\t<h2 class=\"elementor-heading-title elementor-size-default\">Suscripci\u00f3n<\/h2>\t\t\t\t<\/div>\n\t\t\t\t<\/div>\n\t\t\t\t\t<\/div>\n\t\t<\/div>\n\t\t\t\t\t<\/div>\n\t\t<\/section>\n\t\t\t\t<section class=\"elementor-section elementor-top-section elementor-element elementor-element-ad2abc6 elementor-section-boxed elementor-section-height-default elementor-section-height-default\" data-id=\"ad2abc6\" data-element_type=\"section\">\n\t\t\t\t\t\t<div class=\"elementor-container elementor-column-gap-default\">\n\t\t\t\t\t<div class=\"elementor-column elementor-col-100 elementor-top-column elementor-element elementor-element-3ced624\" data-id=\"3ced624\" data-element_type=\"column\">\n\t\t\t<div class=\"elementor-widget-wrap elementor-element-populated\">\n\t\t\t\t\t\t<div class=\"elementor-element elementor-element-411d670 elementor-widget elementor-widget-spacer\" data-id=\"411d670\" data-element_type=\"widget\" data-widget_type=\"spacer.default\">\n\t\t\t\t<div class=\"elementor-widget-container\">\n\t\t\t\t\t\t\t<div class=\"elementor-spacer\">\n\t\t\t<div class=\"elementor-spacer-inner\"><\/div>\n\t\t<\/div>\n\t\t\t\t\t\t<\/div>\n\t\t\t\t<\/div>\n\t\t\t\t\t<\/div>\n\t\t<\/div>\n\t\t\t\t\t<\/div>\n\t\t<\/section>\n\t\t\t\t<section class=\"elementor-section elementor-top-section elementor-element elementor-element-1153555 elementor-section-boxed elementor-section-height-default elementor-section-height-default\" data-id=\"1153555\" data-element_type=\"section\">\n\t\t\t\t\t\t<div class=\"elementor-container elementor-column-gap-default\">\n\t\t\t\t\t<div class=\"elementor-column elementor-col-100 elementor-top-column elementor-element elementor-element-059d295\" data-id=\"059d295\" data-element_type=\"column\">\n\t\t\t<div class=\"elementor-widget-wrap elementor-element-populated\">\n\t\t\t\t\t\t<div class=\"elementor-element elementor-element-7294845 elementor-widget elementor-widget-heading\" data-id=\"7294845\" data-element_type=\"widget\" data-widget_type=\"heading.default\">\n\t\t\t\t<div class=\"elementor-widget-container\">\n\t\t\t\t\t<h2 class=\"elementor-heading-title elementor-size-default\">\u00danete a nuestra comunidad floral.<br>\nCuanto m\u00e1s incorporemos la naturaleza a nuestras vidas, mejor. \n\nLas flores son como amigas; ellas traen color a tu mundo\n\nLas flores tienen el poder de cambiar la forma de sentirte en un espacio.\n<\/h2>\t\t\t\t<\/div>\n\t\t\t\t<\/div>\n\t\t\t\t<div class=\"elementor-element elementor-element-70420b6 elementor-button-align-start elementor-widget elementor-widget-form\" data-id=\"70420b6\" data-element_type=\"widget\" data-settings=\"{&quot;step_next_label&quot;:&quot;Next&quot;,&quot;step_previous_label&quot;:&quot;Previous&quot;,&quot;button_width&quot;:&quot;100&quot;,&quot;step_type&quot;:&quot;number_text&quot;,&quot;step_icon_shape&quot;:&quot;circle&quot;}\" data-widget_type=\"form.default\">\n\t\t\t\t<div class=\"elementor-widget-container\">\n\t\t\t\t\t\t\t<form class=\"elementor-form\" method=\"post\" name=\"New Form\">\n\t\t\t<input type=\"hidden\" name=\"post_id\" value=\"72\"\/>\n\t\t\t<input type=\"hidden\" name=\"form_id\" value=\"70420b6\"\/>\n\t\t\t<input type=\"hidden\" name=\"referer_title\" value=\"Flox Flower Farm\" \/>\n\n\t\t\t\n\t\t\t<div class=\"elementor-form-fields-wrapper elementor-labels-above\">\n\t\t\t\t\t\t\t\t<div class=\"elementor-field-type-text elementor-field-group elementor-column elementor-field-group-name elementor-col-50 elementor-field-required elementor-mark-required\">\n\t\t\t\t\t\t\t\t\t\t\t\t<label for=\"form-field-name\" class=\"elementor-field-label\">\n\t\t\t\t\t\t\t\tNombre\t\t\t\t\t\t\t<\/label>\n\t\t\t\t\t\t\t\t\t\t\t\t\t\t<input size=\"1\" type=\"text\" name=\"form_fields[name]\" id=\"form-field-name\" class=\"elementor-field elementor-size-sm  elementor-field-textual\" required=\"required\" aria-required=\"true\">\n\t\t\t\t\t\t\t\t\t\t\t<\/div>\n\t\t\t\t\t\t\t\t<div class=\"elementor-field-type-email elementor-field-group elementor-column elementor-field-group-field_7f5b16e elementor-col-50 elementor-field-required elementor-mark-required\">\n\t\t\t\t\t\t\t\t\t\t\t\t<label for=\"form-field-field_7f5b16e\" class=\"elementor-field-label\">\n\t\t\t\t\t\t\t\tEmail\t\t\t\t\t\t\t<\/label>\n\t\t\t\t\t\t\t\t\t\t\t\t\t\t<input size=\"1\" type=\"email\" name=\"form_fields[field_7f5b16e]\" id=\"form-field-field_7f5b16e\" class=\"elementor-field elementor-size-sm  elementor-field-textual\" required=\"required\" aria-required=\"true\">\n\t\t\t\t\t\t\t\t\t\t\t<\/div>\n\t\t\t\t\t\t\t\t<div class=\"elementor-field-type-acceptance elementor-field-group elementor-column elementor-field-group-field_9155d92 elementor-col-100 elementor-field-required elementor-mark-required\">\n\t\t\t\t\t\t\t<div class=\"elementor-field-subgroup\">\n\t\t\t<span class=\"elementor-field-option\">\n\t\t\t\t<input type=\"checkbox\" name=\"form_fields[field_9155d92]\" id=\"form-field-field_9155d92\" class=\"elementor-field elementor-size-sm  elementor-acceptance-field\" required=\"required\" aria-required=\"true\">\n\t\t\t\t<label for=\"form-field-field_9155d92\">He le\u00eddo el <a href=\"https:\/\/tu-dominio.com\/aviso-legal\">Aviso Legal<\/a> y acepto la <a href=\"https:\/\/tu-dominio.com\/politica-de-privacidad\/\">Pol\u00edtica de\u00a0Privacidad<\/a>.<\/label>\t\t\t<\/span>\n\t\t<\/div>\n\t\t\t\t\t\t<\/div>\n\t\t\t\t\t\t\t\t<div class=\"elementor-field-group elementor-column elementor-field-type-submit elementor-col-100 e-form__buttons\">\n\t\t\t\t\t<button type=\"submit\" class=\"elementor-button elementor-size-sm\">\n\t\t\t\t\t\t<span >\n\t\t\t\t\t\t\t\t\t\t\t\t\t\t\t<span class=\" elementor-button-icon\">\n\t\t\t\t\t\t\t\t\t\t\t\t\t\t\t\t\t\t\t\t\t\t\t\t\t\t<\/span>\n\t\t\t\t\t\t\t\t\t\t\t\t\t\t\t\t\t\t\t\t\t\t<span class=\"elementor-button-text\">Enviar<\/span>\n\t\t\t\t\t\t\t\t\t\t\t\t\t<\/span>\n\t\t\t\t\t<\/button>\n\t\t\t\t<\/div>\n\t\t\t<\/div>\n\t\t<\/form>\n\t\t\t\t\t\t<\/div>\n\t\t\t\t<\/div>\n\t\t\t\t\t<\/div>\n\t\t<\/div>\n\t\t\t\t\t<\/div>\n\t\t<\/section>\n\t\t\t\t<section class=\"elementor-section elementor-top-section elementor-element elementor-element-68db073 elementor-section-boxed elementor-section-height-default elementor-section-height-default\" data-id=\"68db073\" data-element_type=\"section\">\n\t\t\t\t\t\t<div class=\"elementor-container elementor-column-gap-default\">\n\t\t\t\t\t<div class=\"elementor-column elementor-col-100 elementor-top-column elementor-element elementor-element-5a8ff43\" data-id=\"5a8ff43\" data-element_type=\"column\">\n\t\t\t<div class=\"elementor-widget-wrap elementor-element-populated\">\n\t\t\t\t\t\t<div class=\"elementor-element elementor-element-d7770d7 elementor-widget elementor-widget-spacer\" data-id=\"d7770d7\" data-element_type=\"widget\" data-widget_type=\"spacer.default\">\n\t\t\t\t<div class=\"elementor-widget-container\">\n\t\t\t\t\t\t\t<div class=\"elementor-spacer\">\n\t\t\t<div class=\"elementor-spacer-inner\"><\/div>\n\t\t<\/div>\n\t\t\t\t\t\t<\/div>\n\t\t\t\t<\/div>\n\t\t\t\t\t<\/div>\n\t\t<\/div>\n\t\t\t\t\t<\/div>\n\t\t<\/section>\n\t\t\t\t<\/div>\n\t\t","protected":false},"excerpt":{"rendered":"<p>Suscripci\u00f3n \u00danete a nuestra comunidad floral. Cuanto m\u00e1s incorporemos la naturaleza a nuestras vidas, mejor. Las flores son como amigas; ellas traen color a tu mundo Las flores tienen el poder de cambiar la forma de sentirte en un espacio.<\/p>\n","protected":false},"author":1,"featured_media":357,"parent":0,"menu_order":0,"comment_status":"closed","ping_status":"closed","template":"","meta":{"footnotes":""},"yoast_head":"<!-- This site is optimized with the Yoast SEO Premium plugin v20.11 (Yoast SEO v20.11) - https:\/\/yoast.com\/wordpress\/plugins\/seo\/ -->\n<title>Suscripci\u00f3n - Flox Flower Farm<\/title>\n<meta name=\"description\" content=\"\u00danete a nuestra comunidad floral, aprende y disfruta las flores, las flores tienen el poder de cambiar la forma de sentirte en un espacio.\" \/>\n<meta name=\"robots\" content=\"index, follow, max-snippet:-1, max-image-preview:large, max-video-preview:-1\" \/>\n<link rel=\"canonical\" href=\"https:\/\/floxflowerfarm.com\/suscripcion\/\" \/>\n<meta property=\"og:locale\" content=\"es_ES\" \/>\n<meta property=\"og:type\" content=\"article\" \/>\n<meta property=\"og:title\" content=\"Suscripci\u00f3n\" \/>\n<meta property=\"og:description\" content=\"\u00danete a nuestra comunidad floral, aprende y disfruta las flores, las flores tienen el poder de cambiar la forma de sentirte en un espacio.\" \/>\n<meta property=\"og:url\" content=\"https:\/\/floxflowerfarm.com\/suscripcion\/\" \/>\n<meta property=\"og:site_name\" content=\"Flox Flower Farm\" \/>\n<meta property=\"article:modified_time\" content=\"2024-05-01T09:31:27+00:00\" \/>\n<meta property=\"og:image\" content=\"https:\/\/floxflowerfarm.com\/wp-content\/uploads\/2024\/01\/372247945_988743552402996_3738976567404553057_n.jpg\" \/>\n\t<meta property=\"og:image:width\" content=\"640\" \/>\n\t<meta property=\"og:image:height\" content=\"640\" \/>\n\t<meta property=\"og:image:type\" content=\"image\/jpeg\" \/>\n<meta name=\"twitter:card\" content=\"summary_large_image\" \/>\n<meta name=\"twitter:label1\" content=\"Tiempo de lectura\" \/>\n\t<meta name=\"twitter:data1\" content=\"1 minuto\" \/>\n<script type=\"application\/ld+json\" class=\"yoast-schema-graph\">{\"@context\":\"https:\/\/schema.org\",\"@graph\":[{\"@type\":\"WebPage\",\"@id\":\"https:\/\/floxflowerfarm.com\/suscripcion\/\",\"url\":\"https:\/\/floxflowerfarm.com\/suscripcion\/\",\"name\":\"Suscripci\u00f3n - Flox Flower Farm\",\"isPartOf\":{\"@id\":\"https:\/\/floxflowerfarm.com\/#website\"},\"datePublished\":\"2023-07-09T22:53:24+00:00\",\"dateModified\":\"2024-05-01T09:31:27+00:00\",\"description\":\"\u00danete a nuestra comunidad floral, aprende y disfruta las flores, las flores tienen el poder de cambiar la forma de sentirte en un espacio.\",\"breadcrumb\":{\"@id\":\"https:\/\/floxflowerfarm.com\/suscripcion\/#breadcrumb\"},\"inLanguage\":\"es\",\"potentialAction\":[{\"@type\":\"ReadAction\",\"target\":[\"https:\/\/floxflowerfarm.com\/suscripcion\/\"]}]},{\"@type\":\"BreadcrumbList\",\"@id\":\"https:\/\/floxflowerfarm.com\/suscripcion\/#breadcrumb\",\"itemListElement\":[{\"@type\":\"ListItem\",\"position\":1,\"name\":\"Portada\",\"item\":\"https:\/\/floxflowerfarm.com\/es\/\"},{\"@type\":\"ListItem\",\"position\":2,\"name\":\"Suscripci\u00f3n\"}]},{\"@type\":\"WebSite\",\"@id\":\"https:\/\/floxflowerfarm.com\/#website\",\"url\":\"https:\/\/floxflowerfarm.com\/\",\"name\":\"Flox Flower Farm\",\"description\":\"Granja de flores\",\"potentialAction\":[{\"@type\":\"SearchAction\",\"target\":{\"@type\":\"EntryPoint\",\"urlTemplate\":\"https:\/\/floxflowerfarm.com\/?s={search_term_string}\"},\"query-input\":\"required name=search_term_string\"}],\"inLanguage\":\"es\"}]}<\/script>\n<!-- \/ Yoast SEO Premium plugin. -->","yoast_head_json":{"title":"Suscripci\u00f3n - Flox Flower Farm","description":"\u00danete a nuestra comunidad floral, aprende y disfruta las flores, las flores tienen el poder de cambiar la forma de sentirte en un espacio.","robots":{"index":"index","follow":"follow","max-snippet":"max-snippet:-1","max-image-preview":"max-image-preview:large","max-video-preview":"max-video-preview:-1"},"canonical":"https:\/\/floxflowerfarm.com\/suscripcion\/","og_locale":"es_ES","og_type":"article","og_title":"Suscripci\u00f3n","og_description":"\u00danete a nuestra comunidad floral, aprende y disfruta las flores, las flores tienen el poder de cambiar la forma de sentirte en un espacio.","og_url":"https:\/\/floxflowerfarm.com\/suscripcion\/","og_site_name":"Flox Flower Farm","article_modified_time":"2024-05-01T09:31:27+00:00","og_image":[{"width":640,"height":640,"url":"https:\/\/floxflowerfarm.com\/wp-content\/uploads\/2024\/01\/372247945_988743552402996_3738976567404553057_n.jpg","type":"image\/jpeg"}],"twitter_card":"summary_large_image","twitter_misc":{"Tiempo de lectura":"1 minuto"},"schema":{"@context":"https:\/\/schema.org","@graph":[{"@type":"WebPage","@id":"https:\/\/floxflowerfarm.com\/suscripcion\/","url":"https:\/\/floxflowerfarm.com\/suscripcion\/","name":"Suscripci\u00f3n - Flox Flower Farm","isPartOf":{"@id":"https:\/\/floxflowerfarm.com\/#website"},"datePublished":"2023-07-09T22:53:24+00:00","dateModified":"2024-05-01T09:31:27+00:00","description":"\u00danete a nuestra comunidad floral, aprende y disfruta las flores, las flores tienen el poder de cambiar la forma de sentirte en un espacio.","breadcrumb":{"@id":"https:\/\/floxflowerfarm.com\/suscripcion\/#breadcrumb"},"inLanguage":"es","potentialAction":[{"@type":"ReadAction","target":["https:\/\/floxflowerfarm.com\/suscripcion\/"]}]},{"@type":"BreadcrumbList","@id":"https:\/\/floxflowerfarm.com\/suscripcion\/#breadcrumb","itemListElement":[{"@type":"ListItem","position":1,"name":"Portada","item":"https:\/\/floxflowerfarm.com\/es\/"},{"@type":"ListItem","position":2,"name":"Suscripci\u00f3n"}]},{"@type":"WebSite","@id":"https:\/\/floxflowerfarm.com\/#website","url":"https:\/\/floxflowerfarm.com\/","name":"Flox Flower Farm","description":"Granja de flores","potentialAction":[{"@type":"SearchAction","target":{"@type":"EntryPoint","urlTemplate":"https:\/\/floxflowerfarm.com\/?s={search_term_string}"},"query-input":"required name=search_term_string"}],"inLanguage":"es"}]}},"_links":{"self":[{"href":"https:\/\/floxflowerfarm.com\/es\/wp-json\/wp\/v2\/pages\/72"}],"collection":[{"href":"https:\/\/floxflowerfarm.com\/es\/wp-json\/wp\/v2\/pages"}],"about":[{"href":"https:\/\/floxflowerfarm.com\/es\/wp-json\/wp\/v2\/types\/page"}],"author":[{"embeddable":true,"href":"https:\/\/floxflowerfarm.com\/es\/wp-json\/wp\/v2\/users\/1"}],"replies":[{"embeddable":true,"href":"https:\/\/floxflowerfarm.com\/es\/wp-json\/wp\/v2\/comments?post=72"}],"version-history":[{"count":107,"href":"https:\/\/floxflowerfarm.com\/es\/wp-json\/wp\/v2\/pages\/72\/revisions"}],"predecessor-version":[{"id":3919,"href":"https:\/\/floxflowerfarm.com\/es\/wp-json\/wp\/v2\/pages\/72\/revisions\/3919"}],"wp:featuredmedia":[{"embeddable":true,"href":"https:\/\/floxflowerfarm.com\/es\/wp-json\/wp\/v2\/media\/357"}],"wp:attachment":[{"href":"https:\/\/floxflowerfarm.com\/es\/wp-json\/wp\/v2\/media?parent=72"}],"curies":[{"name":"wp","href":"https:\/\/api.w.org\/{rel}","templated":true}]}}