{"id":4345,"date":"2023-07-09T22:59:47","date_gmt":"2023-07-09T20:59:47","guid":{"rendered":"https:\/\/floxflowerfarm.com\/politique-en-matiere-de-cookies\/"},"modified":"2024-05-10T11:46:15","modified_gmt":"2024-05-10T09:46:15","slug":"politique-en-matiere-de-cookies","status":"publish","type":"page","link":"https:\/\/floxflowerfarm.com\/fr\/politique-en-matiere-de-cookies\/","title":{"rendered":"Politique en mati\u00e8re de cookies"},"content":{"rendered":"\t\t<div data-elementor-type=\"wp-page\" data-elementor-id=\"4345\" class=\"elementor elementor-4345 elementor-87\" data-elementor-post-type=\"page\">\n\t\t\t\t\t\t<section class=\"elementor-section elementor-top-section elementor-element elementor-element-7829f16 elementor-section-boxed elementor-section-height-default elementor-section-height-default\" data-id=\"7829f16\" data-element_type=\"section\">\n\t\t\t\t\t\t<div class=\"elementor-container elementor-column-gap-default\">\n\t\t\t\t\t<div class=\"elementor-column elementor-col-100 elementor-top-column elementor-element elementor-element-cd0d703\" data-id=\"cd0d703\" data-element_type=\"column\">\n\t\t\t<div class=\"elementor-widget-wrap elementor-element-populated\">\n\t\t\t\t\t\t<div class=\"elementor-element elementor-element-d25cb3e elementor-widget elementor-widget-text-editor\" data-id=\"d25cb3e\" data-element_type=\"widget\" data-widget_type=\"text-editor.default\">\n\t\t\t\t<div class=\"elementor-widget-container\">\n\t\t\t\t\t\t\t\t\t<p>www.&#8212;&#8212;&#8212;&#8212;&#8212;&#8212;.com utilise une technologie appel\u00e9e \u00ab cookies \u00bb afin de collecter des informations sur l\u2019utilisation du site Web. Nous vous informons que nous pouvons utiliser des cookies afin de faciliter votre navigation sur le Site, de vous distinguer des autres utilisateurs et d\u2019analyser vos habitudes de navigation sur le Site.<br \/>La pr\u00e9sente politique en mati\u00e8re de cookies a pour objet de vous informer de mani\u00e8re claire et pr\u00e9cise sur les cookies utilis\u00e9s sur notre Site.<\/p>\n<p><strong>QUE SONT LES COOKIES ?<\/strong><br \/>Un cookie est un fichier qui est t\u00e9l\u00e9charg\u00e9 sur votre ordinateur (ordinateur ou appareil mobile) afin de stocker des donn\u00e9es, qui peuvent \u00eatre mises \u00e0 jour et r\u00e9cup\u00e9r\u00e9es par l\u2019entit\u00e9 responsable de son installation.<br \/>Les informations collect\u00e9es par les cookies peuvent inclure l\u2019adresse IP, la date et l\u2019heure des visites sur le site Web, les pages consult\u00e9es sur le site Web, le temps pass\u00e9 sur notre site Web et les lieux visit\u00e9s juste avant et apr\u00e8s le site Web, ainsi que d\u2019autres donn\u00e9es de navigation. Ainsi, les cookies nous permettent d\u2019obtenir des informations sur vos habitudes de navigation.<\/p>\n<p><strong>TYPE DE COOKIES UTILIS\u00c9S SUR LE SITE WEB<\/strong><br \/>D\u2019une part, le propri\u00e9taire de ce site Web utilisera ses propres cookies techniques, pour lesquels il n\u2019est pas n\u00e9cessaire d\u2019obtenir votre consentement, afin d\u2019\u00eatre exclu du champ d\u2019application de l\u2019article 22.2 de la loi 34\/2002, du 11 juillet, sur les services de la soci\u00e9t\u00e9 de l\u2019information et du commerce \u00e9lectronique.<br \/>Cependant, ce site Web installe des cookies qui n\u00e9cessitent le consentement des utilisateurs. Vous trouverez ci-dessous les informations concernant ces cookies :<br \/>\u2022 COOKIES PROPRI\u00c9TAIRES<br \/>\u2022 COOKIES ANALYTIQUES<br \/>Sur notre site Web, nous utilisons Google Analytics, un outil d\u2019analyse Web de Google LLC. (\u00ab Google \u00bb), situ\u00e9 au 1600 Amphitheatre Parkway, Mountain View, Californie 94043, \u00c9tats-Unis, ce qui nous permet de comprendre comment les utilisateurs de notre Site interagissent. L\u2019installation des cookies analytiques de ce service, ainsi que des fichiers journaux de notre serveur, nous permet de conna\u00eetre le nombre total d\u2019utilisateurs qui visitent notre site Web et les parties de celui-ci qui sont les plus populaires. Gr\u00e2ce \u00e0 eux, nous obtenons des informations qui peuvent nous aider \u00e0 am\u00e9liorer la navigation et \u00e0 fournir un meilleur service aux utilisateurs et aux clients. Nous vous informons que le transfert international sur Google est couvert par la formalisation des clauses contractuelles types approuv\u00e9es par la Commission europ\u00e9enne.<\/p>\n<p><strong>REFUS ET R\u00c9VOCATION DU CONSENTEMENT<\/strong><br \/>Vous pouvez refuser l\u2019utilisation de cookies sur ce site web et r\u00e9voquer votre consentement en utilisant.<\/p>\n<p><strong>SUPPRESSION DES COOKIES<\/strong><br \/>Dans tous les cas, nous vous informons que vous pouvez supprimer, bloquer ou d\u00e9sactiver les cookies \u00e0 tout moment en modifiant les param\u00e8tres de votre navigateur, ce qui vous permettra de refuser l\u2019installation de tout ou partie des cookies. Si vous supprimez tous les cookies de ce site web, vous supprimerez \u00e9galement les param\u00e8tres que vous avez choisis concernant nos cookies (acceptation, rejet ou r\u00e9vocation de leur utilisation) via votre navigateur. Vous trouverez ci-dessous des informations sur la mani\u00e8re de g\u00e9rer l\u2019utilisation des cookies en fonction du navigateur utilis\u00e9 :<\/p>\n<p><a href=\"https:\/\/support.mozilla.org\/es\/kb\/habilitar-y-deshabilitar-cookies-sitios-web-rastrear-preferencias\">Firefox<\/a><\/p>\n<p><a href=\"https:\/\/support.google.com\/chrome\/answer\/95647?co=genie.platform%*3DDesktop&amp;*hl=es\">Chrome<\/a><\/p>\n<p><a href=\"https:\/\/support.apple.com\/es-es\/guide\/safari\/sfri11471\/mac\">Safari<\/a><\/p>\n<p><a href=\"https:\/\/support.microsoft.com\/es-es\/help\/17442\/windows-internet-explorer-delete-manage-cookies\">Internet Explorer<\/a><\/p>\n<p><a href=\"https:\/\/privacy.microsoft.com\/es-es\/windows-10-microsoft-edge-and-privacy\">Microsoft Edge<\/a><\/p>\n<p><strong>MODIFICATIONS DE LA POLITIQUE EN MATI\u00c8RE DE COOKIES<\/strong><br \/>Nous pouvons mettre \u00e0 jour la politique en mati\u00e8re de cookies de notre site Web. Pour cette raison, nous vous recommandons de consulter cette politique chaque fois que vous acc\u00e9dez \u00e0 notre site Web afin d\u2019\u00eatre correctement inform\u00e9 sur comment et pourquoi nous utilisons des cookies.<\/p>\n<p><strong>POLITIQUE DE CONFIDENTIALIT\u00c9<\/strong><br \/>Vous pouvez lire notre politique de confidentialit\u00e9 pour plus d\u2019informations sur le traitement des donn\u00e9es personnelles.<\/p>\n<p><strong>CONTACT<\/strong><br \/>Si vous avez des questions, des commentaires ou des suggestions concernant la politique en mati\u00e8re de cookies, veuillez \u00e9crire \u00e0 : <span style=\"color: #000000\"><br \/>\n  <span style=\"font-family: Arial, sans-serif\"><br \/>\n    <span style=\"font-size: small\">floxflowerfarm@gmail.com<\/span><br \/>\n  <\/span><br \/>\n<\/span><\/p>\n\t\t\t\t\t\t\t\t<\/div>\n\t\t\t\t<\/div>\n\t\t\t\t\t<\/div>\n\t\t<\/div>\n\t\t\t\t\t<\/div>\n\t\t<\/section>\n\t\t\t\t<section class=\"elementor-section elementor-top-section elementor-element elementor-element-da68113 elementor-section-boxed elementor-section-height-default elementor-section-height-default\" data-id=\"da68113\" data-element_type=\"section\">\n\t\t\t\t\t\t<div class=\"elementor-container elementor-column-gap-default\">\n\t\t\t\t\t<div class=\"elementor-column elementor-col-100 elementor-top-column elementor-element elementor-element-bf3dd5b\" data-id=\"bf3dd5b\" data-element_type=\"column\">\n\t\t\t<div class=\"elementor-widget-wrap elementor-element-populated\">\n\t\t\t\t\t\t<div class=\"elementor-element elementor-element-ab64d80 elementor-widget elementor-widget-spacer\" data-id=\"ab64d80\" data-element_type=\"widget\" data-widget_type=\"spacer.default\">\n\t\t\t\t<div class=\"elementor-widget-container\">\n\t\t\t\t\t\t\t<div class=\"elementor-spacer\">\n\t\t\t<div class=\"elementor-spacer-inner\"><\/div>\n\t\t<\/div>\n\t\t\t\t\t\t<\/div>\n\t\t\t\t<\/div>\n\t\t\t\t\t<\/div>\n\t\t<\/div>\n\t\t\t\t\t<\/div>\n\t\t<\/section>\n\t\t\t\t<\/div>\n\t\t","protected":false},"excerpt":{"rendered":"<p>www.&#8212;&#8212;&#8212;&#8212;&#8212;&#8212;.com utilise une technologie appel\u00e9e \u00ab cookies \u00bb afin de collecter des informations sur l\u2019utilisation du site Web. Nous vous informons que nous pouvons utiliser des cookies afin de faciliter votre navigation sur le Site, de vous distinguer des autres utilisateurs et d\u2019analyser vos habitudes de navigation sur le Site.La pr\u00e9sente politique en mati\u00e8re de [&hellip;]<\/p>\n","protected":false},"author":1,"featured_media":0,"parent":0,"menu_order":0,"comment_status":"closed","ping_status":"closed","template":"","meta":{"footnotes":""},"yoast_head":"<!-- This site is optimized with the Yoast SEO Premium plugin v20.11 (Yoast SEO v20.11) - https:\/\/yoast.com\/wordpress\/plugins\/seo\/ -->\n<title>Politique en mati\u00e8re de cookies - Flox Flower Farm<\/title>\n<meta name=\"robots\" content=\"noindex, follow\" \/>\n<meta property=\"og:locale\" content=\"fr_FR\" \/>\n<meta property=\"og:type\" content=\"article\" \/>\n<meta property=\"og:title\" content=\"Politique en mati\u00e8re de cookies\" \/>\n<meta property=\"og:description\" content=\"www.&#8212;&#8212;&#8212;&#8212;&#8212;&#8212;.com utilise une technologie appel\u00e9e \u00ab cookies \u00bb afin de collecter des informations sur l\u2019utilisation du site Web. Nous vous informons que nous pouvons utiliser des cookies afin de faciliter votre navigation sur le Site, de vous distinguer des autres utilisateurs et d\u2019analyser vos habitudes de navigation sur le Site.La pr\u00e9sente politique en mati\u00e8re de [&hellip;]\" \/>\n<meta property=\"og:url\" content=\"https:\/\/floxflowerfarm.com\/fr\/politique-en-matiere-de-cookies\/\" \/>\n<meta property=\"og:site_name\" content=\"Flox Flower Farm\" \/>\n<meta property=\"article:modified_time\" content=\"2024-05-10T09:46:15+00:00\" \/>\n<meta name=\"twitter:card\" content=\"summary_large_image\" \/>\n<meta name=\"twitter:label1\" content=\"Dur\u00e9e de lecture estim\u00e9e\" \/>\n\t<meta name=\"twitter:data1\" content=\"3 minutes\" \/>\n<script type=\"application\/ld+json\" class=\"yoast-schema-graph\">{\"@context\":\"https:\/\/schema.org\",\"@graph\":[{\"@type\":\"WebPage\",\"@id\":\"https:\/\/floxflowerfarm.com\/fr\/politique-en-matiere-de-cookies\/\",\"url\":\"https:\/\/floxflowerfarm.com\/fr\/politique-en-matiere-de-cookies\/\",\"name\":\"Politique en mati\u00e8re de cookies - Flox Flower Farm\",\"isPartOf\":{\"@id\":\"https:\/\/floxflowerfarm.com\/#website\"},\"datePublished\":\"2023-07-09T20:59:47+00:00\",\"dateModified\":\"2024-05-10T09:46:15+00:00\",\"breadcrumb\":{\"@id\":\"https:\/\/floxflowerfarm.com\/fr\/politique-en-matiere-de-cookies\/#breadcrumb\"},\"inLanguage\":\"fr-FR\",\"potentialAction\":[{\"@type\":\"ReadAction\",\"target\":[\"https:\/\/floxflowerfarm.com\/fr\/politique-en-matiere-de-cookies\/\"]}]},{\"@type\":\"BreadcrumbList\",\"@id\":\"https:\/\/floxflowerfarm.com\/fr\/politique-en-matiere-de-cookies\/#breadcrumb\",\"itemListElement\":[{\"@type\":\"ListItem\",\"position\":1,\"name\":\"Portada\",\"item\":\"https:\/\/floxflowerfarm.com\/\"},{\"@type\":\"ListItem\",\"position\":2,\"name\":\"Politique en mati\u00e8re de cookies\"}]},{\"@type\":\"WebSite\",\"@id\":\"https:\/\/floxflowerfarm.com\/#website\",\"url\":\"https:\/\/floxflowerfarm.com\/\",\"name\":\"Flox Flower Farm\",\"description\":\"Granja de flores\",\"potentialAction\":[{\"@type\":\"SearchAction\",\"target\":{\"@type\":\"EntryPoint\",\"urlTemplate\":\"https:\/\/floxflowerfarm.com\/?s={search_term_string}\"},\"query-input\":\"required name=search_term_string\"}],\"inLanguage\":\"fr-FR\"}]}<\/script>\n<!-- \/ Yoast SEO Premium plugin. -->","yoast_head_json":{"title":"Politique en mati\u00e8re de cookies - Flox Flower Farm","robots":{"index":"noindex","follow":"follow"},"og_locale":"fr_FR","og_type":"article","og_title":"Politique en mati\u00e8re de cookies","og_description":"www.&#8212;&#8212;&#8212;&#8212;&#8212;&#8212;.com utilise une technologie appel\u00e9e \u00ab cookies \u00bb afin de collecter des informations sur l\u2019utilisation du site Web. Nous vous informons que nous pouvons utiliser des cookies afin de faciliter votre navigation sur le Site, de vous distinguer des autres utilisateurs et d\u2019analyser vos habitudes de navigation sur le Site.La pr\u00e9sente politique en mati\u00e8re de [&hellip;]","og_url":"https:\/\/floxflowerfarm.com\/fr\/politique-en-matiere-de-cookies\/","og_site_name":"Flox Flower Farm","article_modified_time":"2024-05-10T09:46:15+00:00","twitter_card":"summary_large_image","twitter_misc":{"Dur\u00e9e de lecture estim\u00e9e":"3 minutes"},"schema":{"@context":"https:\/\/schema.org","@graph":[{"@type":"WebPage","@id":"https:\/\/floxflowerfarm.com\/fr\/politique-en-matiere-de-cookies\/","url":"https:\/\/floxflowerfarm.com\/fr\/politique-en-matiere-de-cookies\/","name":"Politique en mati\u00e8re de cookies - Flox Flower Farm","isPartOf":{"@id":"https:\/\/floxflowerfarm.com\/#website"},"datePublished":"2023-07-09T20:59:47+00:00","dateModified":"2024-05-10T09:46:15+00:00","breadcrumb":{"@id":"https:\/\/floxflowerfarm.com\/fr\/politique-en-matiere-de-cookies\/#breadcrumb"},"inLanguage":"fr-FR","potentialAction":[{"@type":"ReadAction","target":["https:\/\/floxflowerfarm.com\/fr\/politique-en-matiere-de-cookies\/"]}]},{"@type":"BreadcrumbList","@id":"https:\/\/floxflowerfarm.com\/fr\/politique-en-matiere-de-cookies\/#breadcrumb","itemListElement":[{"@type":"ListItem","position":1,"name":"Portada","item":"https:\/\/floxflowerfarm.com\/"},{"@type":"ListItem","position":2,"name":"Politique en mati\u00e8re de cookies"}]},{"@type":"WebSite","@id":"https:\/\/floxflowerfarm.com\/#website","url":"https:\/\/floxflowerfarm.com\/","name":"Flox Flower Farm","description":"Granja de flores","potentialAction":[{"@type":"SearchAction","target":{"@type":"EntryPoint","urlTemplate":"https:\/\/floxflowerfarm.com\/?s={search_term_string}"},"query-input":"required name=search_term_string"}],"inLanguage":"fr-FR"}]}},"_links":{"self":[{"href":"https:\/\/floxflowerfarm.com\/fr\/wp-json\/wp\/v2\/pages\/4345"}],"collection":[{"href":"https:\/\/floxflowerfarm.com\/fr\/wp-json\/wp\/v2\/pages"}],"about":[{"href":"https:\/\/floxflowerfarm.com\/fr\/wp-json\/wp\/v2\/types\/page"}],"author":[{"embeddable":true,"href":"https:\/\/floxflowerfarm.com\/fr\/wp-json\/wp\/v2\/users\/1"}],"replies":[{"embeddable":true,"href":"https:\/\/floxflowerfarm.com\/fr\/wp-json\/wp\/v2\/comments?post=4345"}],"version-history":[{"count":1,"href":"https:\/\/floxflowerfarm.com\/fr\/wp-json\/wp\/v2\/pages\/4345\/revisions"}],"predecessor-version":[{"id":4346,"href":"https:\/\/floxflowerfarm.com\/fr\/wp-json\/wp\/v2\/pages\/4345\/revisions\/4346"}],"wp:attachment":[{"href":"https:\/\/floxflowerfarm.com\/fr\/wp-json\/wp\/v2\/media?parent=4345"}],"curies":[{"name":"wp","href":"https:\/\/api.w.org\/{rel}","templated":true}]}}